{"id":150,"date":"2010-09-28T15:36:00","date_gmt":"2010-09-28T15:36:00","guid":{"rendered":"http:\/\/hanif.de\/?page_id=150"},"modified":"2024-09-22T15:59:25","modified_gmt":"2024-09-22T15:59:25","slug":"home","status":"publish","type":"page","link":"https:\/\/hanif.de\/?page_id=150","title":{"rendered":"HOME"},"content":{"rendered":"\r\n<p>Im Namen Gottes Des Erbarmers Des Gn\u00e4digen<\/p>\r\n\r\n\r\n\r\n<p><img loading=\"lazy\" decoding=\"async\" class=\"size-full wp-image-612 alignleft\" src=\"https:\/\/hanif.de\/wp-content\/uploads\/2022\/10\/39.jpg\" alt=\"\" width=\"80\" height=\"80\" \/>Willkommen auf unserer Seite<\/p>\r\n\r\n\r\n\r\n<p>Unsere Themen besch\u00e4ftigen sich haupts\u00e4chlich mit der heiligen Schrift &#8220;Der Koran&#8221; entfernt von allen traditionellen Sichtweisen. Unser Glaube geb\u00fchrt nur Gottes Wort alleine und die Freiheit des Individums ist uns heilig, da jeder Mensch eine Verbindung mit dem Aller H\u00f6chsten darstellt. Deshalb freuen wir uns, gemeinsam mit euch, eure Erfahrung in Gottes Reich miterleben zu d\u00fcrfen.<\/p>\r\n\r\n\r\n\r\n<p>Wir glauben, dass die auserw\u00e4hlten Gesandten uns Gottes Botschaft vermittelt haben, sei es im Islam oder auch in jeder anderen Religion auf der Welt. Nun ist unser Herz dran, sich zu entscheiden, welchen Weg man f\u00fcr sich selbst nimmt. Sicher ist es nicht leicht zwischen dem, was Ahnen \u00fcber ihre Wahrheit verbreiteten,\u00a0 und dem, was Gott uns \u00fcber die universelle Wahrheit sagt, abzuw\u00e4gen. Doch dazu sollen wir Vertrauen haben und Achsamkeit bewahren, auf dass wir IHN h\u00f6ren.<\/p>\r\n\r\n\r\n\r\n<p>Abraham war ein Hanif (Mono1ist) und auch jeder kann so sein wie er, wenn wir uns aus den Ketten der Gesellschaft, in der wir aufgewachsen sind, befreien. Abraham hatte keine Religion im Sinne von politischen Versammlungen. Er hatte gehofft, dass die Menschen rein von allen Gesellschaftnormen die Einheit des Universums f\u00fchlen und f\u00fcr das Geschenk des Lebens dankbar sind. Die Freiheit des Einzelnen ist die Freiheit des Selbst und um diese Freiheit zu bewahren sollen wir nie auf die Gedanken kommen, sie zu missbrauchen, denn so missbrauchen wir uns selbst. Deshalb gibt es keinen Zwang im Glauben, solange man mit dem, was man wei\u00df, zufrieden ist und niemanden schadet.<\/p>\r\n\r\n\r\n\r\n<p>Wir bitten Gott, dass wir alle den friedlichen geraden Weg finden, den Er uns vorbestimmt hat, um die Wahrnehmung des innerlichen ewigen Friedens zu erreichen.<br \/>\u00a0<\/p>\r\n\r\n\r\n\r\n<h2 class=\"wp-block-heading\">\u00dcbersetzung des Koran<\/h2>\r\n\r\n\r\n\r\n\r\n\r\n<p><a href=\"https:\/\/hanif.de\/?p=6\">INDEX DER \u00dcBERSETZUNG DES KORAN<\/a><\/p>\r\n<p>Ayman Teryaki<\/p>","protected":false},"excerpt":{"rendered":"<p>Im Namen Gottes Des Erbarmers Des Gn\u00e4digen Willkommen auf unserer Seite Unsere Themen besch\u00e4ftigen sich haupts\u00e4chlich mit der heiligen Schrift &#8220;Der Koran&#8221; entfernt von allen traditionellen Sichtweisen. Unser Glaube geb\u00fchrt nur Gottes Wort alleine und die Freiheit des Individums ist uns heilig, da jeder Mensch eine Verbindung mit dem Aller [&hellip;]<\/p>\n","protected":false},"author":1,"featured_media":0,"parent":0,"menu_order":0,"comment_status":"closed","ping_status":"closed","template":"","meta":{"footnotes":""},"class_list":["post-150","page","type-page","status-publish","hentry"],"_links":{"self":[{"href":"https:\/\/hanif.de\/index.php?rest_route=\/wp\/v2\/pages\/150","targetHints":{"allow":["GET"]}}],"collection":[{"href":"https:\/\/hanif.de\/index.php?rest_route=\/wp\/v2\/pages"}],"about":[{"href":"https:\/\/hanif.de\/index.php?rest_route=\/wp\/v2\/types\/page"}],"author":[{"embeddable":true,"href":"https:\/\/hanif.de\/index.php?rest_route=\/wp\/v2\/users\/1"}],"replies":[{"embeddable":true,"href":"https:\/\/hanif.de\/index.php?rest_route=%2Fwp%2Fv2%2Fcomments&post=150"}],"version-history":[{"count":5,"href":"https:\/\/hanif.de\/index.php?rest_route=\/wp\/v2\/pages\/150\/revisions"}],"predecessor-version":[{"id":1612,"href":"https:\/\/hanif.de\/index.php?rest_route=\/wp\/v2\/pages\/150\/revisions\/1612"}],"wp:attachment":[{"href":"https:\/\/hanif.de\/index.php?rest_route=%2Fwp%2Fv2%2Fmedia&parent=150"}],"curies":[{"name":"wp","href":"https:\/\/api.w.org\/{rel}","templated":true}]}}