{"id":152,"date":"2010-09-28T15:41:00","date_gmt":"2010-09-28T15:41:00","guid":{"rendered":"http:\/\/hanif.de\/?page_id=152"},"modified":"2024-12-09T14:08:02","modified_gmt":"2024-12-09T14:08:02","slug":"impressum","status":"publish","type":"page","link":"https:\/\/hanif.de\/?page_id=152","title":{"rendered":"IMPRESSUM"},"content":{"rendered":"\r\n<p><strong>Kontakt &amp; Adresse:<\/strong><br \/>Ayman Teryaki<br \/>Mollstr. 27<br \/>68165 Mannheim<br \/>Deutschland \u2013 Germany<br \/>eMail: <a href=\"mailto:info@hanif.de\">info@hanif.de<\/a><\/p>\r\n\r\n\r\n\r\n<h2 class=\"wp-block-heading\">Haftung f\u00fcr Inhalte<\/h2>\r\n\r\n\r\n\r\n<p>Als Diensteanbieter sind wir gem\u00e4\u00df \u00a7 7 Abs.1 TMG f\u00fcr eigene Inhalte auf diesen Seiten\u00a0nach den allgemeinen Gesetzen verantwortlich. Nach \u00a7\u00a7 8 bis 10 TMG sind wir als Diensteanbieter jedoch nicht verpflichtet, \u00fcbermittelte oder gespeicherte fremde Informationen zu\u00a0\u00fcberwachen oder nach Umst\u00e4nden zu forschen, die auf eine rechtswidrige T\u00e4tigkeit\u00a0hinweisen.<\/p>\r\n\r\n\r\n\r\n<p>Verpflichtungen zur Entfernung oder Sperrung der Nutzung von Informationen nach den allgemeinen Gesetzen bleiben hiervon unber\u00fchrt. Eine diesbez\u00fcgliche Haftung ist jedoch erst ab dem Zeitpunkt der Kenntnis einer konkreten Rechtsverletzung m\u00f6glich. Bei Bekanntwerden von entsprechenden Rechtsverletzungen werden wir diese Inhalte umgehend entfernen.<\/p>\r\n\r\n\r\n\r\n<h2 class=\"wp-block-heading\">Haftung f\u00fcr Links<\/h2>\r\n\r\n\r\n\r\n<p>Unser Angebot enth\u00e4lt Links zu externen Webseiten Dritter, auf\u00a0deren Inhalte wir keinen Einfluss haben. Deshalb k\u00f6nnen wir f\u00fcr diese fremden Inhalte auch\u00a0keine Gew\u00e4hr \u00fcbernehmen. F\u00fcr die Inhalte der verlinkten Seiten ist stets der jeweilige\u00a0Anbieter oder Betreiber der Seiten verantwortlich. Die verlinkten Seiten wurden zum Zeitpunkt der\u00a0Verlinkung auf m\u00f6gliche Rechtsverst\u00f6\u00dfe \u00fcberpr\u00fcft. Rechtswidrige Inhalte\u00a0waren zum Zeitpunkt der Verlinkung nicht erkennbar.<\/p>\r\n\r\n\r\n\r\n<p>Eine permanente inhaltliche Kontrolle der\u00a0verlinkten Seiten ist jedoch ohne konkrete Anhaltspunkte einer Rechtsverletzung nicht zumutbar. Bei\u00a0Bekanntwerden von Rechtsverletzungen werden wir derartige Links umgehend entfernen.<\/p>\r\n\r\n\r\n\r\n<h2 class=\"wp-block-heading\">Urheberrecht<\/h2>\r\n\r\n\r\n\r\n<p>Die durch die Seitenbetreiber erstellten Inhalte und Werke auf diesen Seiten\u00a0unterliegen dem deutschen Urheberrecht. Die Vervielf\u00e4ltigung, Bearbeitung, Verbreitung und jede\u00a0Art der Verwertung au\u00dferhalb der Grenzen des Urheberrechtes bed\u00fcrfen der schriftlichen\u00a0Zustimmung des jeweiligen Autors bzw. Erstellers. Downloads und Kopien dieser Seite sind nur f\u00fcr\u00a0den privaten, nicht kommerziellen Gebrauch gestattet.<\/p>\r\n\r\n\r\n\r\n<p>Soweit die Inhalte auf dieser Seite nicht\u00a0vom Betreiber erstellt wurden, werden die Urheberrechte Dritter beachtet. Insbesondere werden Inhalte\u00a0Dritter als solche gekennzeichnet. Sollten Sie trotzdem auf eine Urheberrechtsverletzung aufmerksam\u00a0werden, bitten wir um einen entsprechenden Hinweis. Bei Bekanntwerden von Rechtsverletzungen\u00a0werden wir derartige Inhalte umgehend entfernen.<\/p>\r\n\r\n\r\n\r\n<h1 class=\"wp-block-heading\">Datenschutzerkl\u00e4rung<\/h1>\r\n\r\n\r\n\r\n<h2 class=\"wp-block-heading\">Datenschutz<\/h2>\r\n\r\n\r\n\r\n<p>Die Betreiber dieser Seiten nehmen\u00a0Schutz Ihrer pers\u00f6nlichen Daten sehr ernst. Wir behandeln Ihre personenbezogenen Daten\u00a0und entsprechend der gesetzlichen Datenschutzvorschriften sowie dieser Datenschutzerkl\u00e4rung.<\/p>\r\n\r\n\r\n\r\n<p>Die Nutzung unserer Webseite ist in der Regel ohne Angabe\u00a0personenbezogener Daten m\u00f6glich. Soweit auf unseren Seiten personenbezogene Daten (beispielsweise Name, Anschrift oder E-Mail-Adressen) erhoben werden, erfolgt dies, soweit m\u00f6glich, stets auf freiwilliger Basis. Diese Daten werden ohne Ihre ausdr\u00fcckliche Zustimmung nicht an Dritte weitergegeben.<\/p>\r\n\r\n\r\n\r\n<p>Wir weisen darauf hin, dass die Daten\u00fcbertragung im Internet\u00a0(z.B. bei der Kommunikation per E-Mail) Sicherheitsl\u00fccken aufweisen kann. Ein l\u00fcckenloser\u00a0Schutz der Daten vor dem Zugriff durch Dritte ist nicht m\u00f6glich.<\/p>\r\n\r\n\r\n\r\n<h2 class=\"wp-block-heading\">Cookies<\/h2>\r\n\r\n\r\n\r\n<p>Die Internetseiten verwenden teilweise so genannte Cookies. Cookies richten auf Ihrem\u00a0Rechner keinen Schaden an und enthalten keine Viren. Cookies dienen dazu, unser Angebot\u00a0nutzerfreundlicher, effektiver und sicherer zu machen. Cookies sind kleine Textdateien, die auf Ihrem\u00a0Rechner abgelegt werden und die Ihr Browser speichert.<\/p>\r\n\r\n\r\n\r\n<p>Die meisten der von uns verwendeten\u00a0Cookies sind so genannte \u201eSession-Cookies\u201c. Sie werden nach Ende Ihres Besuchs automatisch\u00a0gel\u00f6scht. Andere Cookies bleiben auf Ihrem Endger\u00e4t gespeichert, bis Sie diese l\u00f6schen.\u00a0Diese Cookies erm\u00f6glichen es uns, Ihren Browser beim n\u00e4chsten Besuch\u00a0wiederzuerkennen.<\/p>\r\n\r\n\r\n\r\n<p>Sie k\u00f6nnen Ihren Browser so einstellen, dass Sie \u00fcber das Setzen\u00a0von Cookies informiert werden und Cookies nur im Einzelfall erlauben, die Annahme von Cookies f\u00fcr\u00a0bestimmte F\u00e4lle oder generell ausschlie\u00dfen sowie das automatische L\u00f6schen der\u00a0Cookies beim Schlie\u00dfen des Browser aktivieren. Bei der Deaktivierung von Cookies kann die\u00a0Funktionalit\u00e4t dieser Website eingeschr\u00e4nkt sein.<\/p>\r\n","protected":false},"excerpt":{"rendered":"<p>Kontakt &amp; Adresse:Ayman TeryakiMollstr. 2768165 MannheimDeutschland \u2013 GermanyeMail: info@hanif.de Haftung f\u00fcr Inhalte Als Diensteanbieter sind wir gem\u00e4\u00df \u00a7 7 Abs.1 TMG f\u00fcr eigene Inhalte auf diesen Seiten\u00a0nach den allgemeinen Gesetzen verantwortlich. Nach \u00a7\u00a7 8 bis 10 TMG sind wir als Diensteanbieter jedoch nicht verpflichtet, \u00fcbermittelte oder gespeicherte fremde Informationen zu\u00a0\u00fcberwachen [&hellip;]<\/p>\n","protected":false},"author":1,"featured_media":0,"parent":0,"menu_order":10,"comment_status":"closed","ping_status":"closed","template":"","meta":{"footnotes":""},"class_list":["post-152","page","type-page","status-publish","hentry"],"_links":{"self":[{"href":"https:\/\/hanif.de\/index.php?rest_route=\/wp\/v2\/pages\/152","targetHints":{"allow":["GET"]}}],"collection":[{"href":"https:\/\/hanif.de\/index.php?rest_route=\/wp\/v2\/pages"}],"about":[{"href":"https:\/\/hanif.de\/index.php?rest_route=\/wp\/v2\/types\/page"}],"author":[{"embeddable":true,"href":"https:\/\/hanif.de\/index.php?rest_route=\/wp\/v2\/users\/1"}],"replies":[{"embeddable":true,"href":"https:\/\/hanif.de\/index.php?rest_route=%2Fwp%2Fv2%2Fcomments&post=152"}],"version-history":[{"count":3,"href":"https:\/\/hanif.de\/index.php?rest_route=\/wp\/v2\/pages\/152\/revisions"}],"predecessor-version":[{"id":1705,"href":"https:\/\/hanif.de\/index.php?rest_route=\/wp\/v2\/pages\/152\/revisions\/1705"}],"wp:attachment":[{"href":"https:\/\/hanif.de\/index.php?rest_route=%2Fwp%2Fv2%2Fmedia&parent=152"}],"curies":[{"name":"wp","href":"https:\/\/api.w.org\/{rel}","templated":true}]}}