{"id":610,"date":"2022-10-18T16:31:51","date_gmt":"2022-10-18T16:31:51","guid":{"rendered":"http:\/\/hanif.de\/?page_id=610"},"modified":"2022-10-18T17:13:56","modified_gmt":"2022-10-18T17:13:56","slug":"deutsche-artikel","status":"publish","type":"page","link":"https:\/\/hanif.de\/?page_id=610","title":{"rendered":"De Artikel"},"content":{"rendered":"<ul>\n<li><a href=\"https:\/\/hanif.de\/?cat=317\">Alle deutschen Artikel befinden sich hier!<\/a>\n<ul>\n<li><a href=\"https:\/\/hanif.de\/?cat=4\">\u00dcbersetzung des Koran<\/a> (All bis jetzt \u00fcbersetzten Kapitel des Koran. <a href=\"https:\/\/hanif.de\/?p=6\">Der Index<\/a> zeigt die Suren in der chronologischen Reihenfolge)<\/li>\n<li><a href=\"https:\/\/hanif.de\/?cat=5\">\u00dcbersetzungsfehler des Koran<\/a> (Wir zeigen die Fehler, die \u00dcbersetzer bei der Wiedergabe der Koranverse ins Deutsche gemacht haben, und wie solche Verse zu verstehen sind)<\/li>\n<li><a href=\"https:\/\/hanif.de\/?cat=7\">Dar\u00fcber sind 19<\/a> (Das mathematische Wunder des Koran)<\/li>\n<li><a href=\"https:\/\/hanif.de\/?cat=3\">Lehren des Koran<\/a> (Was haben wir aus dem Koran gelernt und wie wir es im Leben umsetzen)<\/li>\n<li><a href=\"https:\/\/hanif.de\/?cat=98\">Verschiedene Themen<\/a> (Wissenswertes aus dem Koran und dem Leben)<\/li>\n<li><a href=\"https:\/\/hanif.de\/?cat=6\">Alte Manuskripte<\/a> (Wir zeigen verschiedene, alte Manuskripte des heiligen Koran)<\/li>\n<\/ul>\n<\/li>\n<\/ul>\n","protected":false},"excerpt":{"rendered":"<p>Alle deutschen Artikel befinden sich hier! \u00dcbersetzung des Koran (All bis jetzt \u00fcbersetzten Kapitel des Koran. Der Index zeigt die Suren in der chronologischen Reihenfolge) \u00dcbersetzungsfehler des Koran (Wir zeigen die Fehler, die \u00dcbersetzer bei der Wiedergabe der Koranverse ins Deutsche gemacht haben, und wie solche Verse zu verstehen sind) [&hellip;]<\/p>\n","protected":false},"author":1,"featured_media":0,"parent":0,"menu_order":1,"comment_status":"closed","ping_status":"closed","template":"","meta":{"footnotes":""},"class_list":["post-610","page","type-page","status-publish","hentry"],"_links":{"self":[{"href":"https:\/\/hanif.de\/index.php?rest_route=\/wp\/v2\/pages\/610","targetHints":{"allow":["GET"]}}],"collection":[{"href":"https:\/\/hanif.de\/index.php?rest_route=\/wp\/v2\/pages"}],"about":[{"href":"https:\/\/hanif.de\/index.php?rest_route=\/wp\/v2\/types\/page"}],"author":[{"embeddable":true,"href":"https:\/\/hanif.de\/index.php?rest_route=\/wp\/v2\/users\/1"}],"replies":[{"embeddable":true,"href":"https:\/\/hanif.de\/index.php?rest_route=%2Fwp%2Fv2%2Fcomments&post=610"}],"version-history":[{"count":6,"href":"https:\/\/hanif.de\/index.php?rest_route=\/wp\/v2\/pages\/610\/revisions"}],"predecessor-version":[{"id":623,"href":"https:\/\/hanif.de\/index.php?rest_route=\/wp\/v2\/pages\/610\/revisions\/623"}],"wp:attachment":[{"href":"https:\/\/hanif.de\/index.php?rest_route=%2Fwp%2Fv2%2Fmedia&parent=610"}],"curies":[{"name":"wp","href":"https:\/\/api.w.org\/{rel}","templated":true}]}}